{"id":2501,"date":"2024-02-02T15:41:14","date_gmt":"2024-02-02T13:41:14","guid":{"rendered":"https:\/\/sctaurage.lt\/?page_id=2501"},"modified":"2024-02-02T15:42:02","modified_gmt":"2024-02-02T13:42:02","slug":"versija-neigaliems","status":"publish","type":"page","link":"https:\/\/sctaurage.lt\/index.php\/versija-neigaliems\/","title":{"rendered":"Versija ne\u012fgaliems"},"content":{"rendered":"<p>\u017dmon\u0117ms, turintiems reg\u0117jimo sutrikim\u0173 norint padidinti arba suma\u017einti \u0161rift\u0105, naudojamos dviej\u0173 klavi\u0161\u0173 kombinacijos\u00a0<strong>Control ir +\/-<\/strong>\u00a0arba\u00a0<strong>Control ir pel\u0117s ratukas \u012f vir\u0161\u0173 arba apa\u010di\u0105.<\/strong><\/p>\n<p>Dauguma \u0161io tinklapio punkt\u0173 pasiekiame naudojantis dviej\u0173 klavi\u0161\u0173 kombinacija:<\/p>\n<ul>\n<li><strong>Alt<\/strong>\u00a0(Shift + Alt \u2013 naudojant Mozilla Firefox)\u00a0<strong>ir atitinkama raid\u0117 ar skai\u010dius<\/strong>\u00a0Windows platformoje,<\/li>\n<li><strong>Control<\/strong>\u00a0ir atitinkama raid\u0117 ar skai\u010dius Macintosh platformoje.<\/li>\n<\/ul>\n<p>Kai kuriose nar\u0161ykl\u0117se (pvz., Internet Explorer) priedo reikia nuspausti Enter.<\/p>\n<p>\u017demiau pateikiamas visas speciali\u0173j\u0173 klavi\u0161\u0173 s\u0105ra\u0161as:<\/p>\n<ul>\n<li><strong>Penkis kartus paspauskite klavi\u0161\u0105 SHIFT: \u012fjungia ir i\u0161jungia klavi\u0161\u0173 fiksavim\u0105<\/strong><\/li>\n<li><strong>Laikykite nuspaud\u0119 klavi\u0161\u0105 SHIFT a\u0161tuonias sekundes: \u012fjungia ir i\u0161jungia klavi\u0161\u0173 filtravim\u0105<\/strong><\/li>\n<li><strong>Laikykite nuspaud\u0119 klavi\u0161\u0105 NUM LOCK penkias sekundes: \u012fjungia ir i\u0161jungia perjungimo \u012fgarsinim\u0105<\/strong><\/li>\n<li><strong>Kairysis ALT+kairysis SHIFT+NUM LOCK: \u012fjungia ir i\u0161jungia pel\u0117s imitavim\u0105 klaviat\u016bra<\/strong><\/li>\n<li><strong>Kairysis ALT+kairysis SHIFT+PRINT SCREEN: \u012fjungia ir i\u0161jungia kontrasting\u0105 vaizd\u0105<\/strong><\/li>\n<\/ul>\n<p><a role=\"link\" href=\"http:\/\/pigustinklapiai.lt\/aistis.ace\">Lietuvi\u0161ka \u012fgarsinimo programa<\/a>\u00a0( 624.3 kb )<\/p>\n<p>Kitos klavi\u0161\u0173 kombinacijos<\/p>\n<div class=\"table-wrapper\">\n<table border=\"1\" cellspacing=\"1\" cellpadding=\"1\">\n<tbody>\n<tr>\n<td><strong>Klavi\u0161\u0173 kombinacija<\/strong><\/td>\n<td><strong>Atliekama funkcija<\/strong><\/td>\n<\/tr>\n<tr>\n<td>F1<\/td>\n<td>i\u0161kvie\u010diamas \u017einynas.<\/td>\n<\/tr>\n<tr>\n<td>F2<\/td>\n<td>pervadinti pasirinkto katalogo ar failo pavadinim\u0105.<\/td>\n<\/tr>\n<tr>\n<td>F3<\/td>\n<td>darbalaukyje atveriamas byl\u0173 paie\u0161kos langas.<\/td>\n<\/tr>\n<tr>\n<td>F5<\/td>\n<td>atnaujinamas vaizdas (\u201erefresh\u201d).<\/td>\n<\/tr>\n<tr>\n<td>F10<\/td>\n<td>atidaromas programos meniu.<\/td>\n<\/tr>\n<tr>\n<td>Ctrl + A<\/td>\n<td>pa\u017eymimi visi darbalaukio objektai.<\/td>\n<\/tr>\n<tr>\n<td>Alt + Enter<\/td>\n<td>atver\u010diamas objekto savybi\u0173 skydelis.<\/td>\n<\/tr>\n<tr>\n<td>Alt<\/td>\n<td>pabraukta raid\u0117 i\u0161 meniu \u2013 pasirenkamas meniu skyrius.<\/td>\n<\/tr>\n<tr>\n<td>Alt + F4<\/td>\n<td>U\u017edaromas langas.<\/td>\n<\/tr>\n<tr>\n<td>Ctrl + C<\/td>\n<td>pa\u017eym\u0117ti objektai kopijuojami \u012f kompiuterio atmint\u012f.<\/td>\n<\/tr>\n<tr>\n<td>Ctrl + V<\/td>\n<td>\u012f pasirinkt\u0105j\u0105 viet\u0105 i\u0161 nukopijuoti objektai \u012fklijuojami.<\/td>\n<\/tr>\n<tr>\n<td>Delete<\/td>\n<td>i\u0161trinamas pasirinktas objektas.<\/td>\n<\/tr>\n<tr>\n<td>Ctrl + D<\/td>\n<td>i\u0161trinamas pasirinktas objektas.<\/td>\n<\/tr>\n<tr>\n<td>Alt + Tarpas<\/td>\n<td>atveriamas lango meniu.<\/td>\n<\/tr>\n<tr>\n<td>Shift + F10<\/td>\n<td>atveriamas pa\u017eym\u0117to objekto meniu.<\/td>\n<\/tr>\n<tr>\n<td>Ctrl + Esc<\/td>\n<td>i\u0161kvie\u010diamas \u201eStart\u201d meniu.<\/td>\n<\/tr>\n<tr>\n<td>Alt + Tab<\/td>\n<td>pasirinkti kit\u0105 lang\u0105.<\/td>\n<\/tr>\n<tr>\n<td>Ctrl + Z<\/td>\n<td>at\u0161aukiamas paskutinis veiksmas.<\/td>\n<\/tr>\n<\/tbody>\n<\/table>\n<\/div>\n<p>Vidiniuose puslapiuose nor\u0117dami pasiekti skirtingas nuorodas naudokite<strong>\u00a0Tab<\/strong>\u00a0klavi\u0161\u0105.<\/p>\n","protected":false},"excerpt":{"rendered":"<p>\u017dmon\u0117ms, turintiems reg\u0117jimo sutrikim\u0173 norint padidinti arba suma\u017einti \u0161rift\u0105, naudojamos  [&#8230;]<\/p>\n","protected":false},"author":1,"featured_media":0,"parent":0,"menu_order":0,"comment_status":"closed","ping_status":"closed","template":"","meta":{"footnotes":""},"class_list":["post-2501","page","type-page","status-publish","hentry"],"_links":{"self":[{"href":"https:\/\/sctaurage.lt\/index.php\/wp-json\/wp\/v2\/pages\/2501","targetHints":{"allow":["GET"]}}],"collection":[{"href":"https:\/\/sctaurage.lt\/index.php\/wp-json\/wp\/v2\/pages"}],"about":[{"href":"https:\/\/sctaurage.lt\/index.php\/wp-json\/wp\/v2\/types\/page"}],"author":[{"embeddable":true,"href":"https:\/\/sctaurage.lt\/index.php\/wp-json\/wp\/v2\/users\/1"}],"replies":[{"embeddable":true,"href":"https:\/\/sctaurage.lt\/index.php\/wp-json\/wp\/v2\/comments?post=2501"}],"version-history":[{"count":2,"href":"https:\/\/sctaurage.lt\/index.php\/wp-json\/wp\/v2\/pages\/2501\/revisions"}],"predecessor-version":[{"id":2503,"href":"https:\/\/sctaurage.lt\/index.php\/wp-json\/wp\/v2\/pages\/2501\/revisions\/2503"}],"wp:attachment":[{"href":"https:\/\/sctaurage.lt\/index.php\/wp-json\/wp\/v2\/media?parent=2501"}],"curies":[{"name":"wp","href":"https:\/\/api.w.org\/{rel}","templated":true}]}}